{"id":101,"date":"2024-02-16T13:55:19","date_gmt":"2024-02-16T13:55:19","guid":{"rendered":"https:\/\/cunhamarques.pt\/?page_id=101"},"modified":"2024-02-28T23:11:20","modified_gmt":"2024-02-28T23:11:20","slug":"servicos","status":"publish","type":"page","link":"https:\/\/cunhamarques.pt\/index.php\/servicos\/","title":{"rendered":"Servi\u00e7os"},"content":{"rendered":"\n<div class=\"wp-block-group alignfull has-background-background-color has-background\" style=\"margin-top:0;margin-bottom:0;padding-top:var(--wp--preset--spacing--60);padding-right:var(--wp--preset--spacing--30);padding-bottom:var(--wp--preset--spacing--60);padding-left:var(--wp--preset--spacing--30)\"><div class=\"wp-block-group__inner-container is-layout-constrained wp-container-core-group-is-layout-cad32e20 wp-block-group-is-layout-constrained\">\n<div class=\"wp-block-group alignwide is-content-justification-left\"><div class=\"wp-block-group__inner-container is-layout-constrained wp-container-core-group-is-layout-eded1d97 wp-block-group-is-layout-constrained\">\n<h3 class=\"wp-block-heading has-text-align-center\">Os nossos Servi\u00e7os:<\/h3>\n<\/div><\/div>\n\n\n\n<div class=\"wp-block-columns alignwide is-layout-flex wp-container-core-columns-is-layout-057de54d wp-block-columns-is-layout-flex\" style=\"margin-top:var(--wp--preset--spacing--50)\">\n<div class=\"wp-block-column has-tertiary-background-color has-background is-layout-flow wp-block-column-is-layout-flow\">\n<div class=\"wp-block-group\" style=\"padding-top:var(--wp--preset--spacing--40);padding-right:var(--wp--preset--spacing--30);padding-bottom:var(--wp--preset--spacing--40);padding-left:var(--wp--preset--spacing--30)\"><div class=\"wp-block-group__inner-container is-layout-constrained wp-container-core-group-is-layout-a93d0d1d wp-block-group-is-layout-constrained\">\n<h4 class=\"wp-block-heading has-text-align-center\" style=\"margin-top:12px\">Consultoria Ambiental<\/h4>\n\n\n\n<ul class=\"wp-block-list\">\n<li>Gest\u00e3o de guias de res\u00edduos<\/li>\n\n\n\n<li>Elabora\u00e7\u00e3o e submiss\u00e3o do mapa integrado de res\u00edduos (MIRR)<\/li>\n\n\n\n<li>Apoio na celebra\u00e7\u00e3o de contratos com entidades gestoras<\/li>\n\n\n\n<li>Apoio nas comunica\u00e7\u00f5es peri\u00f3dicas com entidades oficiais (CCDR , APA, ARH, etc.)<\/li>\n\n\n\n<li>Elabora\u00e7\u00e3o e submiss\u00e3o da comunica\u00e7\u00e3o anual de gases fluorados<\/li>\n\n\n\n<li>Avalia\u00e7\u00e3o da conformidade legal<\/li>\n\n\n\n<li>C\u00e1lculo de altura de chamin\u00e9s<\/li>\n\n\n\n<li>T\u00edtulo de Emiss\u00f5es para o Ar (TEAR)<\/li>\n\n\n\n<li>Monitoriza\u00e7\u00e3o de efluentes gasosos<\/li>\n\n\n\n<li>Monitoriza\u00e7\u00e3o de efluentes l\u00edquidos<\/li>\n\n\n\n<li>An\u00e1lise de Risco Ambiental<\/li>\n<\/ul>\n\n\n\n<div style=\"height:39px\" aria-hidden=\"true\" class=\"wp-block-spacer\"><\/div>\n\n\n\n<h4 class=\"wp-block-heading has-text-align-center\">Forma\u00e7\u00e3o<\/h4>\n\n\n\n<ul class=\"wp-block-list\">\n<li>Ambiente<\/li>\n\n\n\n<li>GOTS, GRS, OCS, RCS<\/li>\n\n\n\n<li>Primeiros Socorros<\/li>\n\n\n\n<li>Legisla\u00e7\u00e3o Ambiental<\/li>\n\n\n\n<li>Green to Wear (GTW)<\/li>\n<\/ul>\n<\/div><\/div>\n<\/div>\n\n\n\n<div class=\"wp-block-column has-tertiary-background-color has-background is-layout-flow wp-block-column-is-layout-flow\">\n<div class=\"wp-block-group\" style=\"padding-top:var(--wp--preset--spacing--40);padding-right:var(--wp--preset--spacing--30);padding-bottom:var(--wp--preset--spacing--40);padding-left:var(--wp--preset--spacing--30)\"><div class=\"wp-block-group__inner-container is-layout-constrained wp-container-core-group-is-layout-a93d0d1d wp-block-group-is-layout-constrained\">\n<h4 class=\"wp-block-heading has-text-align-center\" style=\"margin-top:12px\">Licenciamentos<\/h4>\n\n\n\n<ul class=\"wp-block-list\">\n<li>Licenciamento Industrial<\/li>\n\n\n\n<li>Licenciamento Ambiental<\/li>\n\n\n\n<li>Licenciamento de capta\u00e7\u00f5es de \u00e1gua superficial<\/li>\n\n\n\n<li>Licenciamento de capta\u00e7\u00f5es de \u00e1gua subterr\u00e2nea<\/li>\n\n\n\n<li>Licenciamento de Equipamentos Sob Press\u00e3o<\/li>\n<\/ul>\n\n\n\n<div style=\"height:39px\" aria-hidden=\"true\" class=\"wp-block-spacer\"><\/div>\n\n\n\n<h4 class=\"wp-block-heading has-text-align-center\">Sistemas de Gest\u00e3o e Auditorias<\/h4>\n\n\n\n<ul class=\"wp-block-list\">\n<li>Implementa\u00e7\u00e3o da ISO 9001<\/li>\n\n\n\n<li>Implementa\u00e7\u00e3o da ISO 14001<\/li>\n\n\n\n<li>Auditorias internas<\/li>\n\n\n\n<li>Green to Wear (GTW) \u2013 INDITEX<\/li>\n\n\n\n<li>GOTS, GRS, OCS, RCS<\/li>\n\n\n\n<li>OEKO-TEX<\/li>\n<\/ul>\n<\/div><\/div>\n<\/div>\n<\/div>\n<\/div><\/div>\n","protected":false},"excerpt":{"rendered":"<p>Os nossos Servi\u00e7os: Consultoria Ambiental Forma\u00e7\u00e3o Licenciamentos Sistemas de Gest\u00e3o e Auditorias<\/p>\n","protected":false},"author":1,"featured_media":0,"parent":0,"menu_order":0,"comment_status":"closed","ping_status":"closed","template":"","meta":{"footnotes":""},"class_list":["post-101","page","type-page","status-publish","hentry","entry"],"yoast_head":"<!-- This site is optimized with the Yoast SEO plugin v26.4 - https:\/\/yoast.com\/wordpress\/plugins\/seo\/ -->\n<title>Servi\u00e7os - Cunha &amp; Marques Consultoria<\/title>\n<meta name=\"robots\" content=\"index, follow, max-snippet:-1, max-image-preview:large, max-video-preview:-1\" \/>\n<link rel=\"canonical\" href=\"https:\/\/cunhamarques.pt\/index.php\/servicos\/\" \/>\n<meta property=\"og:locale\" content=\"pt_PT\" \/>\n<meta property=\"og:type\" content=\"article\" \/>\n<meta property=\"og:title\" content=\"Servi\u00e7os - Cunha &amp; Marques Consultoria\" \/>\n<meta property=\"og:description\" content=\"Os nossos Servi\u00e7os: Consultoria Ambiental Forma\u00e7\u00e3o Licenciamentos Sistemas de Gest\u00e3o e Auditorias\" \/>\n<meta property=\"og:url\" content=\"https:\/\/cunhamarques.pt\/index.php\/servicos\/\" \/>\n<meta property=\"og:site_name\" content=\"Cunha &amp; Marques Consultoria\" \/>\n<meta property=\"article:modified_time\" content=\"2024-02-28T23:11:20+00:00\" \/>\n<meta name=\"twitter:card\" content=\"summary_large_image\" \/>\n<meta name=\"twitter:label1\" content=\"Tempo estimado de leitura\" \/>\n\t<meta name=\"twitter:data1\" content=\"1 minuto\" \/>\n<script type=\"application\/ld+json\" class=\"yoast-schema-graph\">{\"@context\":\"https:\/\/schema.org\",\"@graph\":[{\"@type\":\"WebPage\",\"@id\":\"https:\/\/cunhamarques.pt\/index.php\/servicos\/\",\"url\":\"https:\/\/cunhamarques.pt\/index.php\/servicos\/\",\"name\":\"Servi\u00e7os - Cunha &amp; Marques Consultoria\",\"isPartOf\":{\"@id\":\"https:\/\/cunhamarques.pt\/#website\"},\"datePublished\":\"2024-02-16T13:55:19+00:00\",\"dateModified\":\"2024-02-28T23:11:20+00:00\",\"breadcrumb\":{\"@id\":\"https:\/\/cunhamarques.pt\/index.php\/servicos\/#breadcrumb\"},\"inLanguage\":\"pt-PT\",\"potentialAction\":[{\"@type\":\"ReadAction\",\"target\":[\"https:\/\/cunhamarques.pt\/index.php\/servicos\/\"]}]},{\"@type\":\"BreadcrumbList\",\"@id\":\"https:\/\/cunhamarques.pt\/index.php\/servicos\/#breadcrumb\",\"itemListElement\":[{\"@type\":\"ListItem\",\"position\":1,\"name\":\"In\u00edcio\",\"item\":\"https:\/\/cunhamarques.pt\/\"},{\"@type\":\"ListItem\",\"position\":2,\"name\":\"Servi\u00e7os\"}]},{\"@type\":\"WebSite\",\"@id\":\"https:\/\/cunhamarques.pt\/#website\",\"url\":\"https:\/\/cunhamarques.pt\/\",\"name\":\"Cunha &amp; Marques Consultoria\",\"description\":\"\",\"publisher\":{\"@id\":\"https:\/\/cunhamarques.pt\/#organization\"},\"potentialAction\":[{\"@type\":\"SearchAction\",\"target\":{\"@type\":\"EntryPoint\",\"urlTemplate\":\"https:\/\/cunhamarques.pt\/?s={search_term_string}\"},\"query-input\":{\"@type\":\"PropertyValueSpecification\",\"valueRequired\":true,\"valueName\":\"search_term_string\"}}],\"inLanguage\":\"pt-PT\"},{\"@type\":\"Organization\",\"@id\":\"https:\/\/cunhamarques.pt\/#organization\",\"name\":\"Cunha &amp; Marques Consultoria\",\"url\":\"https:\/\/cunhamarques.pt\/\",\"logo\":{\"@type\":\"ImageObject\",\"inLanguage\":\"pt-PT\",\"@id\":\"https:\/\/cunhamarques.pt\/#\/schema\/logo\/image\/\",\"url\":\"https:\/\/cunhamarques.pt\/wp-content\/uploads\/2024\/02\/cropped-logo-transparent-1.png\",\"contentUrl\":\"https:\/\/cunhamarques.pt\/wp-content\/uploads\/2024\/02\/cropped-logo-transparent-1.png\",\"width\":4996,\"height\":3510,\"caption\":\"Cunha &amp; Marques Consultoria\"},\"image\":{\"@id\":\"https:\/\/cunhamarques.pt\/#\/schema\/logo\/image\/\"}}]}<\/script>\n<!-- \/ Yoast SEO plugin. -->","yoast_head_json":{"title":"Servi\u00e7os - Cunha &amp; Marques Consultoria","robots":{"index":"index","follow":"follow","max-snippet":"max-snippet:-1","max-image-preview":"max-image-preview:large","max-video-preview":"max-video-preview:-1"},"canonical":"https:\/\/cunhamarques.pt\/index.php\/servicos\/","og_locale":"pt_PT","og_type":"article","og_title":"Servi\u00e7os - Cunha &amp; Marques Consultoria","og_description":"Os nossos Servi\u00e7os: Consultoria Ambiental Forma\u00e7\u00e3o Licenciamentos Sistemas de Gest\u00e3o e Auditorias","og_url":"https:\/\/cunhamarques.pt\/index.php\/servicos\/","og_site_name":"Cunha &amp; Marques Consultoria","article_modified_time":"2024-02-28T23:11:20+00:00","twitter_card":"summary_large_image","twitter_misc":{"Tempo estimado de leitura":"1 minuto"},"schema":{"@context":"https:\/\/schema.org","@graph":[{"@type":"WebPage","@id":"https:\/\/cunhamarques.pt\/index.php\/servicos\/","url":"https:\/\/cunhamarques.pt\/index.php\/servicos\/","name":"Servi\u00e7os - Cunha &amp; Marques Consultoria","isPartOf":{"@id":"https:\/\/cunhamarques.pt\/#website"},"datePublished":"2024-02-16T13:55:19+00:00","dateModified":"2024-02-28T23:11:20+00:00","breadcrumb":{"@id":"https:\/\/cunhamarques.pt\/index.php\/servicos\/#breadcrumb"},"inLanguage":"pt-PT","potentialAction":[{"@type":"ReadAction","target":["https:\/\/cunhamarques.pt\/index.php\/servicos\/"]}]},{"@type":"BreadcrumbList","@id":"https:\/\/cunhamarques.pt\/index.php\/servicos\/#breadcrumb","itemListElement":[{"@type":"ListItem","position":1,"name":"In\u00edcio","item":"https:\/\/cunhamarques.pt\/"},{"@type":"ListItem","position":2,"name":"Servi\u00e7os"}]},{"@type":"WebSite","@id":"https:\/\/cunhamarques.pt\/#website","url":"https:\/\/cunhamarques.pt\/","name":"Cunha &amp; Marques Consultoria","description":"","publisher":{"@id":"https:\/\/cunhamarques.pt\/#organization"},"potentialAction":[{"@type":"SearchAction","target":{"@type":"EntryPoint","urlTemplate":"https:\/\/cunhamarques.pt\/?s={search_term_string}"},"query-input":{"@type":"PropertyValueSpecification","valueRequired":true,"valueName":"search_term_string"}}],"inLanguage":"pt-PT"},{"@type":"Organization","@id":"https:\/\/cunhamarques.pt\/#organization","name":"Cunha &amp; Marques Consultoria","url":"https:\/\/cunhamarques.pt\/","logo":{"@type":"ImageObject","inLanguage":"pt-PT","@id":"https:\/\/cunhamarques.pt\/#\/schema\/logo\/image\/","url":"https:\/\/cunhamarques.pt\/wp-content\/uploads\/2024\/02\/cropped-logo-transparent-1.png","contentUrl":"https:\/\/cunhamarques.pt\/wp-content\/uploads\/2024\/02\/cropped-logo-transparent-1.png","width":4996,"height":3510,"caption":"Cunha &amp; Marques Consultoria"},"image":{"@id":"https:\/\/cunhamarques.pt\/#\/schema\/logo\/image\/"}}]}},"_links":{"self":[{"href":"https:\/\/cunhamarques.pt\/index.php\/wp-json\/wp\/v2\/pages\/101","targetHints":{"allow":["GET"]}}],"collection":[{"href":"https:\/\/cunhamarques.pt\/index.php\/wp-json\/wp\/v2\/pages"}],"about":[{"href":"https:\/\/cunhamarques.pt\/index.php\/wp-json\/wp\/v2\/types\/page"}],"author":[{"embeddable":true,"href":"https:\/\/cunhamarques.pt\/index.php\/wp-json\/wp\/v2\/users\/1"}],"replies":[{"embeddable":true,"href":"https:\/\/cunhamarques.pt\/index.php\/wp-json\/wp\/v2\/comments?post=101"}],"version-history":[{"count":16,"href":"https:\/\/cunhamarques.pt\/index.php\/wp-json\/wp\/v2\/pages\/101\/revisions"}],"predecessor-version":[{"id":291,"href":"https:\/\/cunhamarques.pt\/index.php\/wp-json\/wp\/v2\/pages\/101\/revisions\/291"}],"wp:attachment":[{"href":"https:\/\/cunhamarques.pt\/index.php\/wp-json\/wp\/v2\/media?parent=101"}],"curies":[{"name":"wp","href":"https:\/\/api.w.org\/{rel}","templated":true}]}}