{"id":36,"date":"2024-02-15T15:00:45","date_gmt":"2024-02-15T15:00:45","guid":{"rendered":"https:\/\/cunhamarques.pt\/?page_id=36"},"modified":"2024-02-23T22:55:39","modified_gmt":"2024-02-23T22:55:39","slug":"36-2","status":"publish","type":"page","link":"https:\/\/cunhamarques.pt\/","title":{"rendered":"In\u00edcio"},"content":{"rendered":"\n<div class=\"wp-block-group alignfull has-background-background-color has-background\" style=\"margin-top:0;margin-bottom:0;padding-top:var(--wp--preset--spacing--60);padding-right:var(--wp--preset--spacing--30);padding-bottom:var(--wp--preset--spacing--60);padding-left:var(--wp--preset--spacing--30)\"><div class=\"wp-block-group__inner-container is-layout-constrained wp-container-core-group-is-layout-392eb801 wp-block-group-is-layout-constrained\">\n<div class=\"wp-block-columns alignwide is-layout-flex wp-container-core-columns-is-layout-30f78326 wp-block-columns-is-layout-flex\">\n<div class=\"wp-block-column is-layout-flow wp-block-column-is-layout-flow\" style=\"flex-basis:100%\">\n<div class=\"wp-block-columns alignwide is-layout-flex wp-container-core-columns-is-layout-41e3e26a wp-block-columns-is-layout-flex\">\n<div class=\"wp-block-column is-layout-flow wp-block-column-is-layout-flow\">\n<figure class=\"wp-block-image size-full is-resized ext-import is-style-rounded\"><img loading=\"lazy\" decoding=\"async\" width=\"538\" height=\"542\" src=\"https:\/\/cunhamarques.pt\/wp-content\/uploads\/2024\/02\/Captura-de-ecra-2024-02-23-212004.png\" alt=\"\" class=\"wp-image-237\" style=\"width:93px;height:auto\" srcset=\"https:\/\/cunhamarques.pt\/wp-content\/uploads\/2024\/02\/Captura-de-ecra-2024-02-23-212004.png 538w, https:\/\/cunhamarques.pt\/wp-content\/uploads\/2024\/02\/Captura-de-ecra-2024-02-23-212004-298x300.png 298w, https:\/\/cunhamarques.pt\/wp-content\/uploads\/2024\/02\/Captura-de-ecra-2024-02-23-212004-150x150.png 150w\" sizes=\"auto, (max-width: 538px) 100vw, 538px\" \/><\/figure>\n\n\n\n<h4 class=\"wp-block-heading has-text-align-left\" style=\"margin-top:20px;font-size:20px\"><strong>Avalia\u00e7\u00e3o de Conformidade Legal<\/strong><\/h4>\n\n\n\n<p>A nossa equipa especializada realiza uma an\u00e1lise abrangente das regulamenta\u00e7\u00f5es ambientais aplic\u00e1veis, garantindo que os nossos clientes estejam sempre em conformidade com a legisla\u00e7\u00e3o em vigor. Realizamos uma an\u00e1lise minuciosa da legisla\u00e7\u00e3o ambiental aplic\u00e1vel \u200b\u200ba cada cliente, identificando \u00e1reas de n\u00e3o conformidade e oferecendo solu\u00e7\u00f5es pr\u00e1ticas.<\/p>\n<\/div>\n\n\n\n<div class=\"wp-block-column is-layout-flow wp-block-column-is-layout-flow\">\n<figure class=\"wp-block-image size-full is-resized is-style-rounded ext-import\"><img loading=\"lazy\" decoding=\"async\" width=\"326\" height=\"328\" src=\"https:\/\/cunhamarques.pt\/wp-content\/uploads\/2024\/02\/Captura-de-ecra-2024-02-23-213015.png\" alt=\"\" class=\"wp-image-242\" style=\"width:91px;height:auto\" srcset=\"https:\/\/cunhamarques.pt\/wp-content\/uploads\/2024\/02\/Captura-de-ecra-2024-02-23-213015.png 326w, https:\/\/cunhamarques.pt\/wp-content\/uploads\/2024\/02\/Captura-de-ecra-2024-02-23-213015-298x300.png 298w, https:\/\/cunhamarques.pt\/wp-content\/uploads\/2024\/02\/Captura-de-ecra-2024-02-23-213015-150x150.png 150w\" sizes=\"auto, (max-width: 326px) 100vw, 326px\" \/><\/figure>\n\n\n\n<h4 class=\"wp-block-heading has-text-align-left\" style=\"margin-top:20px;font-size:20px\"><strong>Apoio ao Cumprimento de Requisitos Ambientais<\/strong><\/h4>\n\n\n\n<p>Oferecemos suporte cont\u00ednuo para ajudar os nossos clientes a implementar e cumprir os requisitos ambientais, desde a gest\u00e3o de res\u00edduos at\u00e9 a mitiga\u00e7\u00e3o de impactos ambientais.<\/p>\n<\/div>\n\n\n\n<div class=\"wp-block-column is-layout-flow wp-block-column-is-layout-flow\">\n<figure class=\"wp-block-image size-full is-resized is-style-rounded ext-import\"><img loading=\"lazy\" decoding=\"async\" width=\"816\" height=\"818\" src=\"https:\/\/cunhamarques.pt\/wp-content\/uploads\/2024\/02\/Captura-de-ecra-2024-02-23-213551-2.png\" alt=\"\" class=\"wp-image-245\" style=\"width:90px;height:auto\" srcset=\"https:\/\/cunhamarques.pt\/wp-content\/uploads\/2024\/02\/Captura-de-ecra-2024-02-23-213551-2.png 816w, https:\/\/cunhamarques.pt\/wp-content\/uploads\/2024\/02\/Captura-de-ecra-2024-02-23-213551-2-300x300.png 300w, https:\/\/cunhamarques.pt\/wp-content\/uploads\/2024\/02\/Captura-de-ecra-2024-02-23-213551-2-150x150.png 150w, https:\/\/cunhamarques.pt\/wp-content\/uploads\/2024\/02\/Captura-de-ecra-2024-02-23-213551-2-768x770.png 768w\" sizes=\"auto, (max-width: 816px) 100vw, 816px\" \/><\/figure>\n\n\n\n<h4 class=\"wp-block-heading has-text-align-left\" style=\"margin-top:20px;font-size:20px\"><strong>Certifica\u00e7\u00f5es e Auditorias Ambientais<\/strong><\/h4>\n\n\n\n<p>Auxiliamos na obten\u00e7\u00e3o de certifica\u00e7\u00f5es ambientais reconhecidas internacionalmente, bem como na realiza\u00e7\u00e3o de auditorias para garantir a conformidade e aprimorar as pr\u00e1ticas ambientais.<\/p>\n<\/div>\n<\/div>\n\n\n\n<div class=\"wp-block-columns alignwide is-layout-flex wp-container-core-columns-is-layout-41e3e26a wp-block-columns-is-layout-flex\">\n<div class=\"wp-block-column is-layout-flow wp-block-column-is-layout-flow\">\n<figure class=\"wp-block-image size-large is-resized is-style-rounded ext-import\"><img loading=\"lazy\" decoding=\"async\" width=\"1024\" height=\"1019\" src=\"https:\/\/cunhamarques.pt\/wp-content\/uploads\/2024\/02\/Pencil_stylized_green_preview_4481-1024x1019.png\" alt=\"\" class=\"wp-image-251\" style=\"width:96px;height:auto\" srcset=\"https:\/\/cunhamarques.pt\/wp-content\/uploads\/2024\/02\/Pencil_stylized_green_preview_4481-1024x1019.png 1024w, https:\/\/cunhamarques.pt\/wp-content\/uploads\/2024\/02\/Pencil_stylized_green_preview_4481-300x298.png 300w, https:\/\/cunhamarques.pt\/wp-content\/uploads\/2024\/02\/Pencil_stylized_green_preview_4481-150x150.png 150w, https:\/\/cunhamarques.pt\/wp-content\/uploads\/2024\/02\/Pencil_stylized_green_preview_4481-768x764.png 768w, https:\/\/cunhamarques.pt\/wp-content\/uploads\/2024\/02\/Pencil_stylized_green_preview_4481.png 1135w\" sizes=\"auto, (max-width: 1024px) 100vw, 1024px\" \/><\/figure>\n\n\n\n<h4 class=\"wp-block-heading has-text-align-left\" style=\"margin-top:20px;font-size:20px\"><strong>Abordagem Personalizada<\/strong><\/h4>\n\n\n\n<p>Entendemos que cada cliente enfrenta desafios \u00fanicos em rela\u00e7\u00e3o ao meio ambiente. \u00c9 por isso que adotamos uma abordagem personalizada, trabalhando em estreita colabora\u00e7\u00e3o com cada organiza\u00e7\u00e3o para desenvolver solu\u00e7\u00f5es adaptadas \u00e0s suas necessidades espec\u00edficas.<\/p>\n<\/div>\n\n\n\n<div class=\"wp-block-column is-layout-flow wp-block-column-is-layout-flow\">\n<figure class=\"wp-block-image size-full is-resized is-style-rounded ext-import\"><img loading=\"lazy\" decoding=\"async\" width=\"822\" height=\"832\" src=\"https:\/\/cunhamarques.pt\/wp-content\/uploads\/2024\/02\/964-9644973_personalize-icon-small-group-icon-png-1.png\" alt=\"\" class=\"wp-image-249\" style=\"width:95px;height:auto\" srcset=\"https:\/\/cunhamarques.pt\/wp-content\/uploads\/2024\/02\/964-9644973_personalize-icon-small-group-icon-png-1.png 822w, https:\/\/cunhamarques.pt\/wp-content\/uploads\/2024\/02\/964-9644973_personalize-icon-small-group-icon-png-1-296x300.png 296w, https:\/\/cunhamarques.pt\/wp-content\/uploads\/2024\/02\/964-9644973_personalize-icon-small-group-icon-png-1-768x777.png 768w\" sizes=\"auto, (max-width: 822px) 100vw, 822px\" \/><\/figure>\n\n\n\n<h4 class=\"wp-block-heading has-text-align-left\" style=\"margin-top:20px;font-size:20px\"><strong>Equipa Especializada<\/strong><\/h4>\n\n\n\n<p>A nossa equipa \u00e9 composta por profissionais altamente qualificados e experientes, apaixonados por quest\u00f5es ambientais e comprometidos em oferecer resultados excecionais aos nossos clientes.<\/p>\n<\/div>\n\n\n\n<div class=\"wp-block-column is-layout-flow wp-block-column-is-layout-flow\">\n<figure class=\"wp-block-image size-full is-resized is-style-rounded ext-import\"><img loading=\"lazy\" decoding=\"async\" width=\"662\" height=\"691\" src=\"https:\/\/cunhamarques.pt\/wp-content\/uploads\/2024\/02\/sustainable_manufacturing_green_factory_colored_icon_in_powerpoint_pptx_png_and_editable_eps_format_slide01-1.jpg\" alt=\"\" class=\"wp-image-255\" style=\"width:92px;height:auto\" srcset=\"https:\/\/cunhamarques.pt\/wp-content\/uploads\/2024\/02\/sustainable_manufacturing_green_factory_colored_icon_in_powerpoint_pptx_png_and_editable_eps_format_slide01-1.jpg 662w, https:\/\/cunhamarques.pt\/wp-content\/uploads\/2024\/02\/sustainable_manufacturing_green_factory_colored_icon_in_powerpoint_pptx_png_and_editable_eps_format_slide01-1-287x300.jpg 287w\" sizes=\"auto, (max-width: 662px) 100vw, 662px\" \/><\/figure>\n\n\n\n<h4 class=\"wp-block-heading has-text-align-left\" style=\"margin-top:20px;font-size:20px\"><strong>Compromisso com a Sustentabilidade<\/strong><\/h4>\n\n\n\n<p>Na Cunha &amp; Marques, a sustentabilidade \u00e9 mais do que um conceito &#8211; \u00e9 um compromisso que permeia todas as nossas atividades. Estamos empenhados em promover pr\u00e1ticas sustent\u00e1veis n\u00e3o apenas entre nossos clientes, mas tamb\u00e9m na nossa pr\u00f3pria opera\u00e7\u00e3o.<\/p>\n<\/div>\n<\/div>\n<\/div>\n<\/div>\n<\/div><\/div>\n\n\n\n<h5 class=\"wp-block-heading has-text-align-center\"><a href=\"https:\/\/cunhamarques.pt\/index.php\/servicos\/\">Consulte aqui com mais detalhe os nossos servi\u00e7os<\/a><\/h5>\n","protected":false},"excerpt":{"rendered":"<p>Avalia\u00e7\u00e3o de Conformidade Legal A nossa equipa especializada realiza uma an\u00e1lise abrangente das regulamenta\u00e7\u00f5es ambientais aplic\u00e1veis, garantindo que os nossos clientes estejam sempre em conformidade com a legisla\u00e7\u00e3o em vigor. Realizamos uma an\u00e1lise minuciosa da legisla\u00e7\u00e3o ambiental aplic\u00e1vel \u200b\u200ba cada cliente, identificando \u00e1reas de n\u00e3o conformidade e oferecendo solu\u00e7\u00f5es pr\u00e1ticas. Apoio ao Cumprimento de Requisitos&hellip; <a class=\"more-link\" href=\"https:\/\/cunhamarques.pt\/\">Continue a ler <span class=\"screen-reader-text\">In\u00edcio<\/span><\/a><\/p>\n","protected":false},"author":1,"featured_media":0,"parent":0,"menu_order":0,"comment_status":"closed","ping_status":"closed","template":"","meta":{"footnotes":""},"class_list":["post-36","page","type-page","status-publish","hentry","entry"],"yoast_head":"<!-- This site is optimized with the Yoast SEO plugin v26.4 - https:\/\/yoast.com\/wordpress\/plugins\/seo\/ -->\n<title>In\u00edcio - Cunha &amp; Marques Consultoria<\/title>\n<meta name=\"robots\" content=\"index, follow, max-snippet:-1, max-image-preview:large, max-video-preview:-1\" \/>\n<link rel=\"canonical\" href=\"https:\/\/cunhamarques.pt\/\" \/>\n<meta property=\"og:locale\" content=\"pt_PT\" \/>\n<meta property=\"og:type\" content=\"article\" \/>\n<meta property=\"og:title\" content=\"In\u00edcio - Cunha &amp; Marques Consultoria\" \/>\n<meta property=\"og:description\" content=\"Avalia\u00e7\u00e3o de Conformidade Legal A nossa equipa especializada realiza uma an\u00e1lise abrangente das regulamenta\u00e7\u00f5es ambientais aplic\u00e1veis, garantindo que os nossos clientes estejam sempre em conformidade com a legisla\u00e7\u00e3o em vigor. Realizamos uma an\u00e1lise minuciosa da legisla\u00e7\u00e3o ambiental aplic\u00e1vel \u200b\u200ba cada cliente, identificando \u00e1reas de n\u00e3o conformidade e oferecendo solu\u00e7\u00f5es pr\u00e1ticas. Apoio ao Cumprimento de Requisitos&hellip; Continue a ler In\u00edcio\" \/>\n<meta property=\"og:url\" content=\"https:\/\/cunhamarques.pt\/\" \/>\n<meta property=\"og:site_name\" content=\"Cunha &amp; Marques Consultoria\" \/>\n<meta property=\"article:modified_time\" content=\"2024-02-23T22:55:39+00:00\" \/>\n<meta property=\"og:image\" content=\"https:\/\/cunhamarques.pt\/wp-content\/uploads\/2024\/02\/Captura-de-ecra-2024-02-23-212004.png\" \/>\n<meta name=\"twitter:card\" content=\"summary_large_image\" \/>\n<meta name=\"twitter:label1\" content=\"Tempo estimado de leitura\" \/>\n\t<meta name=\"twitter:data1\" content=\"3 minutos\" \/>\n<script type=\"application\/ld+json\" class=\"yoast-schema-graph\">{\"@context\":\"https:\/\/schema.org\",\"@graph\":[{\"@type\":\"WebPage\",\"@id\":\"https:\/\/cunhamarques.pt\/\",\"url\":\"https:\/\/cunhamarques.pt\/\",\"name\":\"In\u00edcio - Cunha &amp; Marques Consultoria\",\"isPartOf\":{\"@id\":\"https:\/\/cunhamarques.pt\/#website\"},\"primaryImageOfPage\":{\"@id\":\"https:\/\/cunhamarques.pt\/#primaryimage\"},\"image\":{\"@id\":\"https:\/\/cunhamarques.pt\/#primaryimage\"},\"thumbnailUrl\":\"https:\/\/cunhamarques.pt\/wp-content\/uploads\/2024\/02\/Captura-de-ecra-2024-02-23-212004.png\",\"datePublished\":\"2024-02-15T15:00:45+00:00\",\"dateModified\":\"2024-02-23T22:55:39+00:00\",\"breadcrumb\":{\"@id\":\"https:\/\/cunhamarques.pt\/#breadcrumb\"},\"inLanguage\":\"pt-PT\",\"potentialAction\":[{\"@type\":\"ReadAction\",\"target\":[\"https:\/\/cunhamarques.pt\/\"]}]},{\"@type\":\"ImageObject\",\"inLanguage\":\"pt-PT\",\"@id\":\"https:\/\/cunhamarques.pt\/#primaryimage\",\"url\":\"https:\/\/cunhamarques.pt\/wp-content\/uploads\/2024\/02\/Captura-de-ecra-2024-02-23-212004.png\",\"contentUrl\":\"https:\/\/cunhamarques.pt\/wp-content\/uploads\/2024\/02\/Captura-de-ecra-2024-02-23-212004.png\",\"width\":538,\"height\":542},{\"@type\":\"BreadcrumbList\",\"@id\":\"https:\/\/cunhamarques.pt\/#breadcrumb\",\"itemListElement\":[{\"@type\":\"ListItem\",\"position\":1,\"name\":\"In\u00edcio\",\"item\":\"https:\/\/cunhamarques.pt\/\"},{\"@type\":\"ListItem\",\"position\":2,\"name\":\"In\u00edcio\"}]},{\"@type\":\"WebSite\",\"@id\":\"https:\/\/cunhamarques.pt\/#website\",\"url\":\"https:\/\/cunhamarques.pt\/\",\"name\":\"Cunha &amp; Marques Consultoria\",\"description\":\"\",\"publisher\":{\"@id\":\"https:\/\/cunhamarques.pt\/#organization\"},\"potentialAction\":[{\"@type\":\"SearchAction\",\"target\":{\"@type\":\"EntryPoint\",\"urlTemplate\":\"https:\/\/cunhamarques.pt\/?s={search_term_string}\"},\"query-input\":{\"@type\":\"PropertyValueSpecification\",\"valueRequired\":true,\"valueName\":\"search_term_string\"}}],\"inLanguage\":\"pt-PT\"},{\"@type\":\"Organization\",\"@id\":\"https:\/\/cunhamarques.pt\/#organization\",\"name\":\"Cunha &amp; Marques Consultoria\",\"url\":\"https:\/\/cunhamarques.pt\/\",\"logo\":{\"@type\":\"ImageObject\",\"inLanguage\":\"pt-PT\",\"@id\":\"https:\/\/cunhamarques.pt\/#\/schema\/logo\/image\/\",\"url\":\"https:\/\/cunhamarques.pt\/wp-content\/uploads\/2024\/02\/cropped-logo-transparent-1.png\",\"contentUrl\":\"https:\/\/cunhamarques.pt\/wp-content\/uploads\/2024\/02\/cropped-logo-transparent-1.png\",\"width\":4996,\"height\":3510,\"caption\":\"Cunha &amp; Marques Consultoria\"},\"image\":{\"@id\":\"https:\/\/cunhamarques.pt\/#\/schema\/logo\/image\/\"}}]}<\/script>\n<!-- \/ Yoast SEO plugin. -->","yoast_head_json":{"title":"In\u00edcio - Cunha &amp; Marques Consultoria","robots":{"index":"index","follow":"follow","max-snippet":"max-snippet:-1","max-image-preview":"max-image-preview:large","max-video-preview":"max-video-preview:-1"},"canonical":"https:\/\/cunhamarques.pt\/","og_locale":"pt_PT","og_type":"article","og_title":"In\u00edcio - Cunha &amp; Marques Consultoria","og_description":"Avalia\u00e7\u00e3o de Conformidade Legal A nossa equipa especializada realiza uma an\u00e1lise abrangente das regulamenta\u00e7\u00f5es ambientais aplic\u00e1veis, garantindo que os nossos clientes estejam sempre em conformidade com a legisla\u00e7\u00e3o em vigor. Realizamos uma an\u00e1lise minuciosa da legisla\u00e7\u00e3o ambiental aplic\u00e1vel \u200b\u200ba cada cliente, identificando \u00e1reas de n\u00e3o conformidade e oferecendo solu\u00e7\u00f5es pr\u00e1ticas. Apoio ao Cumprimento de Requisitos&hellip; Continue a ler In\u00edcio","og_url":"https:\/\/cunhamarques.pt\/","og_site_name":"Cunha &amp; Marques Consultoria","article_modified_time":"2024-02-23T22:55:39+00:00","og_image":[{"url":"https:\/\/cunhamarques.pt\/wp-content\/uploads\/2024\/02\/Captura-de-ecra-2024-02-23-212004.png","type":"","width":"","height":""}],"twitter_card":"summary_large_image","twitter_misc":{"Tempo estimado de leitura":"3 minutos"},"schema":{"@context":"https:\/\/schema.org","@graph":[{"@type":"WebPage","@id":"https:\/\/cunhamarques.pt\/","url":"https:\/\/cunhamarques.pt\/","name":"In\u00edcio - Cunha &amp; Marques Consultoria","isPartOf":{"@id":"https:\/\/cunhamarques.pt\/#website"},"primaryImageOfPage":{"@id":"https:\/\/cunhamarques.pt\/#primaryimage"},"image":{"@id":"https:\/\/cunhamarques.pt\/#primaryimage"},"thumbnailUrl":"https:\/\/cunhamarques.pt\/wp-content\/uploads\/2024\/02\/Captura-de-ecra-2024-02-23-212004.png","datePublished":"2024-02-15T15:00:45+00:00","dateModified":"2024-02-23T22:55:39+00:00","breadcrumb":{"@id":"https:\/\/cunhamarques.pt\/#breadcrumb"},"inLanguage":"pt-PT","potentialAction":[{"@type":"ReadAction","target":["https:\/\/cunhamarques.pt\/"]}]},{"@type":"ImageObject","inLanguage":"pt-PT","@id":"https:\/\/cunhamarques.pt\/#primaryimage","url":"https:\/\/cunhamarques.pt\/wp-content\/uploads\/2024\/02\/Captura-de-ecra-2024-02-23-212004.png","contentUrl":"https:\/\/cunhamarques.pt\/wp-content\/uploads\/2024\/02\/Captura-de-ecra-2024-02-23-212004.png","width":538,"height":542},{"@type":"BreadcrumbList","@id":"https:\/\/cunhamarques.pt\/#breadcrumb","itemListElement":[{"@type":"ListItem","position":1,"name":"In\u00edcio","item":"https:\/\/cunhamarques.pt\/"},{"@type":"ListItem","position":2,"name":"In\u00edcio"}]},{"@type":"WebSite","@id":"https:\/\/cunhamarques.pt\/#website","url":"https:\/\/cunhamarques.pt\/","name":"Cunha &amp; Marques Consultoria","description":"","publisher":{"@id":"https:\/\/cunhamarques.pt\/#organization"},"potentialAction":[{"@type":"SearchAction","target":{"@type":"EntryPoint","urlTemplate":"https:\/\/cunhamarques.pt\/?s={search_term_string}"},"query-input":{"@type":"PropertyValueSpecification","valueRequired":true,"valueName":"search_term_string"}}],"inLanguage":"pt-PT"},{"@type":"Organization","@id":"https:\/\/cunhamarques.pt\/#organization","name":"Cunha &amp; Marques Consultoria","url":"https:\/\/cunhamarques.pt\/","logo":{"@type":"ImageObject","inLanguage":"pt-PT","@id":"https:\/\/cunhamarques.pt\/#\/schema\/logo\/image\/","url":"https:\/\/cunhamarques.pt\/wp-content\/uploads\/2024\/02\/cropped-logo-transparent-1.png","contentUrl":"https:\/\/cunhamarques.pt\/wp-content\/uploads\/2024\/02\/cropped-logo-transparent-1.png","width":4996,"height":3510,"caption":"Cunha &amp; Marques Consultoria"},"image":{"@id":"https:\/\/cunhamarques.pt\/#\/schema\/logo\/image\/"}}]}},"_links":{"self":[{"href":"https:\/\/cunhamarques.pt\/index.php\/wp-json\/wp\/v2\/pages\/36","targetHints":{"allow":["GET"]}}],"collection":[{"href":"https:\/\/cunhamarques.pt\/index.php\/wp-json\/wp\/v2\/pages"}],"about":[{"href":"https:\/\/cunhamarques.pt\/index.php\/wp-json\/wp\/v2\/types\/page"}],"author":[{"embeddable":true,"href":"https:\/\/cunhamarques.pt\/index.php\/wp-json\/wp\/v2\/users\/1"}],"replies":[{"embeddable":true,"href":"https:\/\/cunhamarques.pt\/index.php\/wp-json\/wp\/v2\/comments?post=36"}],"version-history":[{"count":41,"href":"https:\/\/cunhamarques.pt\/index.php\/wp-json\/wp\/v2\/pages\/36\/revisions"}],"predecessor-version":[{"id":265,"href":"https:\/\/cunhamarques.pt\/index.php\/wp-json\/wp\/v2\/pages\/36\/revisions\/265"}],"wp:attachment":[{"href":"https:\/\/cunhamarques.pt\/index.php\/wp-json\/wp\/v2\/media?parent=36"}],"curies":[{"name":"wp","href":"https:\/\/api.w.org\/{rel}","templated":true}]}}