{"id":37,"date":"2024-02-15T15:00:46","date_gmt":"2024-02-15T15:00:46","guid":{"rendered":"https:\/\/cunhamarques.pt\/?page_id=37"},"modified":"2024-02-17T01:19:34","modified_gmt":"2024-02-17T01:19:34","slug":"sobre","status":"publish","type":"page","link":"https:\/\/cunhamarques.pt\/index.php\/sobre\/","title":{"rendered":"Sobre"},"content":{"rendered":"\n<p class=\"has-text-align-center\">Na Cunha &amp; Marques estamos comprometidos em fornecer solu\u00e7\u00f5es abrangentes e personalizadas para atender \u00e0s necessidades ambientais dos nossos clientes. <\/p>\n\n\n\n<p class=\"has-text-align-center\">O nosso trabalho passa por assegurar toda a parte burocr\u00e1tica das auditorias, verifica\u00e7\u00f5es, implementa\u00e7\u00e3o de sistemas, licenciamentos, oferecendo servi\u00e7os chave-na-m\u00e3o, que v\u00e3o desde a identifica\u00e7\u00e3o do problema at\u00e9 \u00e0 sua completa resolu\u00e7\u00e3o.<\/p>\n\n\n\n<h4 class=\"wp-block-heading has-text-align-center\">Miss\u00e3o<\/h4>\n\n\n\n<p class=\"has-text-align-center\">Na Cunha &amp; Marques, a nossa miss\u00e3o \u00e9 clara: facilitar a conformidade ambiental e promover pr\u00e1ticas sustent\u00e1veis. Acreditamos que o desenvolvimento empresarial respons\u00e1vel \u00e9 fundamental para um futuro mais pr\u00f3spero e equilibrado.<\/p>\n","protected":false},"excerpt":{"rendered":"<p>Na Cunha &amp; Marques estamos comprometidos em fornecer solu\u00e7\u00f5es abrangentes e personalizadas para atender \u00e0s necessidades ambientais dos nossos clientes. O nosso trabalho passa por assegurar toda a parte burocr\u00e1tica das auditorias, verifica\u00e7\u00f5es, implementa\u00e7\u00e3o de sistemas, licenciamentos, oferecendo servi\u00e7os chave-na-m\u00e3o, que v\u00e3o desde a identifica\u00e7\u00e3o do problema at\u00e9 \u00e0 sua completa resolu\u00e7\u00e3o. Miss\u00e3o Na Cunha&hellip; <a class=\"more-link\" href=\"https:\/\/cunhamarques.pt\/index.php\/sobre\/\">Continue a ler <span class=\"screen-reader-text\">Sobre<\/span><\/a><\/p>\n","protected":false},"author":1,"featured_media":0,"parent":0,"menu_order":0,"comment_status":"closed","ping_status":"closed","template":"","meta":{"footnotes":""},"class_list":["post-37","page","type-page","status-publish","hentry","entry"],"yoast_head":"<!-- This site is optimized with the Yoast SEO plugin v26.4 - https:\/\/yoast.com\/wordpress\/plugins\/seo\/ -->\n<title>Sobre - Cunha &amp; Marques Consultoria<\/title>\n<meta name=\"robots\" content=\"index, follow, max-snippet:-1, max-image-preview:large, max-video-preview:-1\" \/>\n<link rel=\"canonical\" href=\"https:\/\/cunhamarques.pt\/index.php\/sobre\/\" \/>\n<meta property=\"og:locale\" content=\"pt_PT\" \/>\n<meta property=\"og:type\" content=\"article\" \/>\n<meta property=\"og:title\" content=\"Sobre - Cunha &amp; Marques Consultoria\" \/>\n<meta property=\"og:description\" content=\"Na Cunha &amp; Marques estamos comprometidos em fornecer solu\u00e7\u00f5es abrangentes e personalizadas para atender \u00e0s necessidades ambientais dos nossos clientes. O nosso trabalho passa por assegurar toda a parte burocr\u00e1tica das auditorias, verifica\u00e7\u00f5es, implementa\u00e7\u00e3o de sistemas, licenciamentos, oferecendo servi\u00e7os chave-na-m\u00e3o, que v\u00e3o desde a identifica\u00e7\u00e3o do problema at\u00e9 \u00e0 sua completa resolu\u00e7\u00e3o. Miss\u00e3o Na Cunha&hellip; Continue a ler Sobre\" \/>\n<meta property=\"og:url\" content=\"https:\/\/cunhamarques.pt\/index.php\/sobre\/\" \/>\n<meta property=\"og:site_name\" content=\"Cunha &amp; Marques Consultoria\" \/>\n<meta property=\"article:modified_time\" content=\"2024-02-17T01:19:34+00:00\" \/>\n<meta name=\"twitter:card\" content=\"summary_large_image\" \/>\n<meta name=\"twitter:label1\" content=\"Tempo estimado de leitura\" \/>\n\t<meta name=\"twitter:data1\" content=\"1 minuto\" \/>\n<script type=\"application\/ld+json\" class=\"yoast-schema-graph\">{\"@context\":\"https:\/\/schema.org\",\"@graph\":[{\"@type\":\"WebPage\",\"@id\":\"https:\/\/cunhamarques.pt\/index.php\/sobre\/\",\"url\":\"https:\/\/cunhamarques.pt\/index.php\/sobre\/\",\"name\":\"Sobre - Cunha &amp; Marques Consultoria\",\"isPartOf\":{\"@id\":\"https:\/\/cunhamarques.pt\/#website\"},\"datePublished\":\"2024-02-15T15:00:46+00:00\",\"dateModified\":\"2024-02-17T01:19:34+00:00\",\"breadcrumb\":{\"@id\":\"https:\/\/cunhamarques.pt\/index.php\/sobre\/#breadcrumb\"},\"inLanguage\":\"pt-PT\",\"potentialAction\":[{\"@type\":\"ReadAction\",\"target\":[\"https:\/\/cunhamarques.pt\/index.php\/sobre\/\"]}]},{\"@type\":\"BreadcrumbList\",\"@id\":\"https:\/\/cunhamarques.pt\/index.php\/sobre\/#breadcrumb\",\"itemListElement\":[{\"@type\":\"ListItem\",\"position\":1,\"name\":\"In\u00edcio\",\"item\":\"https:\/\/cunhamarques.pt\/\"},{\"@type\":\"ListItem\",\"position\":2,\"name\":\"Sobre\"}]},{\"@type\":\"WebSite\",\"@id\":\"https:\/\/cunhamarques.pt\/#website\",\"url\":\"https:\/\/cunhamarques.pt\/\",\"name\":\"Cunha &amp; Marques Consultoria\",\"description\":\"\",\"publisher\":{\"@id\":\"https:\/\/cunhamarques.pt\/#organization\"},\"potentialAction\":[{\"@type\":\"SearchAction\",\"target\":{\"@type\":\"EntryPoint\",\"urlTemplate\":\"https:\/\/cunhamarques.pt\/?s={search_term_string}\"},\"query-input\":{\"@type\":\"PropertyValueSpecification\",\"valueRequired\":true,\"valueName\":\"search_term_string\"}}],\"inLanguage\":\"pt-PT\"},{\"@type\":\"Organization\",\"@id\":\"https:\/\/cunhamarques.pt\/#organization\",\"name\":\"Cunha &amp; Marques Consultoria\",\"url\":\"https:\/\/cunhamarques.pt\/\",\"logo\":{\"@type\":\"ImageObject\",\"inLanguage\":\"pt-PT\",\"@id\":\"https:\/\/cunhamarques.pt\/#\/schema\/logo\/image\/\",\"url\":\"https:\/\/cunhamarques.pt\/wp-content\/uploads\/2024\/02\/cropped-logo-transparent-1.png\",\"contentUrl\":\"https:\/\/cunhamarques.pt\/wp-content\/uploads\/2024\/02\/cropped-logo-transparent-1.png\",\"width\":4996,\"height\":3510,\"caption\":\"Cunha &amp; Marques Consultoria\"},\"image\":{\"@id\":\"https:\/\/cunhamarques.pt\/#\/schema\/logo\/image\/\"}}]}<\/script>\n<!-- \/ Yoast SEO plugin. -->","yoast_head_json":{"title":"Sobre - Cunha &amp; Marques Consultoria","robots":{"index":"index","follow":"follow","max-snippet":"max-snippet:-1","max-image-preview":"max-image-preview:large","max-video-preview":"max-video-preview:-1"},"canonical":"https:\/\/cunhamarques.pt\/index.php\/sobre\/","og_locale":"pt_PT","og_type":"article","og_title":"Sobre - Cunha &amp; Marques Consultoria","og_description":"Na Cunha &amp; Marques estamos comprometidos em fornecer solu\u00e7\u00f5es abrangentes e personalizadas para atender \u00e0s necessidades ambientais dos nossos clientes. O nosso trabalho passa por assegurar toda a parte burocr\u00e1tica das auditorias, verifica\u00e7\u00f5es, implementa\u00e7\u00e3o de sistemas, licenciamentos, oferecendo servi\u00e7os chave-na-m\u00e3o, que v\u00e3o desde a identifica\u00e7\u00e3o do problema at\u00e9 \u00e0 sua completa resolu\u00e7\u00e3o. Miss\u00e3o Na Cunha&hellip; Continue a ler Sobre","og_url":"https:\/\/cunhamarques.pt\/index.php\/sobre\/","og_site_name":"Cunha &amp; Marques Consultoria","article_modified_time":"2024-02-17T01:19:34+00:00","twitter_card":"summary_large_image","twitter_misc":{"Tempo estimado de leitura":"1 minuto"},"schema":{"@context":"https:\/\/schema.org","@graph":[{"@type":"WebPage","@id":"https:\/\/cunhamarques.pt\/index.php\/sobre\/","url":"https:\/\/cunhamarques.pt\/index.php\/sobre\/","name":"Sobre - Cunha &amp; Marques Consultoria","isPartOf":{"@id":"https:\/\/cunhamarques.pt\/#website"},"datePublished":"2024-02-15T15:00:46+00:00","dateModified":"2024-02-17T01:19:34+00:00","breadcrumb":{"@id":"https:\/\/cunhamarques.pt\/index.php\/sobre\/#breadcrumb"},"inLanguage":"pt-PT","potentialAction":[{"@type":"ReadAction","target":["https:\/\/cunhamarques.pt\/index.php\/sobre\/"]}]},{"@type":"BreadcrumbList","@id":"https:\/\/cunhamarques.pt\/index.php\/sobre\/#breadcrumb","itemListElement":[{"@type":"ListItem","position":1,"name":"In\u00edcio","item":"https:\/\/cunhamarques.pt\/"},{"@type":"ListItem","position":2,"name":"Sobre"}]},{"@type":"WebSite","@id":"https:\/\/cunhamarques.pt\/#website","url":"https:\/\/cunhamarques.pt\/","name":"Cunha &amp; Marques Consultoria","description":"","publisher":{"@id":"https:\/\/cunhamarques.pt\/#organization"},"potentialAction":[{"@type":"SearchAction","target":{"@type":"EntryPoint","urlTemplate":"https:\/\/cunhamarques.pt\/?s={search_term_string}"},"query-input":{"@type":"PropertyValueSpecification","valueRequired":true,"valueName":"search_term_string"}}],"inLanguage":"pt-PT"},{"@type":"Organization","@id":"https:\/\/cunhamarques.pt\/#organization","name":"Cunha &amp; Marques Consultoria","url":"https:\/\/cunhamarques.pt\/","logo":{"@type":"ImageObject","inLanguage":"pt-PT","@id":"https:\/\/cunhamarques.pt\/#\/schema\/logo\/image\/","url":"https:\/\/cunhamarques.pt\/wp-content\/uploads\/2024\/02\/cropped-logo-transparent-1.png","contentUrl":"https:\/\/cunhamarques.pt\/wp-content\/uploads\/2024\/02\/cropped-logo-transparent-1.png","width":4996,"height":3510,"caption":"Cunha &amp; Marques Consultoria"},"image":{"@id":"https:\/\/cunhamarques.pt\/#\/schema\/logo\/image\/"}}]}},"_links":{"self":[{"href":"https:\/\/cunhamarques.pt\/index.php\/wp-json\/wp\/v2\/pages\/37","targetHints":{"allow":["GET"]}}],"collection":[{"href":"https:\/\/cunhamarques.pt\/index.php\/wp-json\/wp\/v2\/pages"}],"about":[{"href":"https:\/\/cunhamarques.pt\/index.php\/wp-json\/wp\/v2\/types\/page"}],"author":[{"embeddable":true,"href":"https:\/\/cunhamarques.pt\/index.php\/wp-json\/wp\/v2\/users\/1"}],"replies":[{"embeddable":true,"href":"https:\/\/cunhamarques.pt\/index.php\/wp-json\/wp\/v2\/comments?post=37"}],"version-history":[{"count":5,"href":"https:\/\/cunhamarques.pt\/index.php\/wp-json\/wp\/v2\/pages\/37\/revisions"}],"predecessor-version":[{"id":174,"href":"https:\/\/cunhamarques.pt\/index.php\/wp-json\/wp\/v2\/pages\/37\/revisions\/174"}],"wp:attachment":[{"href":"https:\/\/cunhamarques.pt\/index.php\/wp-json\/wp\/v2\/media?parent=37"}],"curies":[{"name":"wp","href":"https:\/\/api.w.org\/{rel}","templated":true}]}}